{"id":1049,"date":"2019-11-16T10:40:11","date_gmt":"2019-11-16T09:40:11","guid":{"rendered":"http:\/\/vs-schwanberg.at\/vsschwanberg\/?page_id=1049"},"modified":"2026-02-25T08:52:18","modified_gmt":"2026-02-25T07:52:18","slug":"nachmittagsbetreuung","status":"publish","type":"page","link":"https:\/\/vs-schwanberg.at\/vsschwanberg\/nachmittagsbetreuung\/","title":{"rendered":"Nachmittagsbetreuung"},"content":{"rendered":"<p><img fetchpriority=\"high\" decoding=\"async\" class=\"alignnone size-medium wp-image-3020\" src=\"http:\/\/vs-schwanberg.at\/vsschwanberg\/wp-content\/uploads\/2025\/12\/GTS-201x300.jpg\" alt=\"\" width=\"201\" height=\"300\" srcset=\"https:\/\/vs-schwanberg.at\/vsschwanberg\/wp-content\/uploads\/2025\/12\/GTS-201x300.jpg 201w, https:\/\/vs-schwanberg.at\/vsschwanberg\/wp-content\/uploads\/2025\/12\/GTS-685x1024.jpg 685w, https:\/\/vs-schwanberg.at\/vsschwanberg\/wp-content\/uploads\/2025\/12\/GTS-768x1148.jpg 768w, https:\/\/vs-schwanberg.at\/vsschwanberg\/wp-content\/uploads\/2025\/12\/GTS-1027x1536.jpg 1027w, https:\/\/vs-schwanberg.at\/vsschwanberg\/wp-content\/uploads\/2025\/12\/GTS.jpg 1070w\" sizes=\"(max-width: 201px) 100vw, 201px\" \/><\/p>\n<p>&nbsp;<\/p>\n<p>Herzlich Willkommen in der GTS Volksschule Bad Schwanberg!<\/p>\n<p>Wir freuen uns, dass Sie und Ihr Kind Teil unserer lebendigen Schulgemeinschaft sind. In unserer GTS bieten wir eine liebevolle, abwechslungsreichen und p\u00e4dagogisch wertvolle Nachmittagsbetreuung \u2013 einen Ort, an dem Lernen, Bewegung, Abenteuer, Kreativit\u00e4t, Lernen mit allen Sinnen und Entspannung Hand in Hand gehen.<\/p>\n<p>Unser Team:<\/p>\n<p>Koordination und Organisation: Silvia Thei\u00dfl<\/p>\n<p>Frau Theissl ist f\u00fcr die gesamte Koordination der Ganztagsschule verantwortlich. Sie organisiert den Ablauf des Nachmittags, f\u00fchrt Gespr\u00e4che mit Eltern, Lehrkr\u00e4fte und Kindern und sorgt daf\u00fcr, dass alles bestens vorbereitet und strukturiert ist. Neben ihren organisatorischen Aufgaben leitet sie auch eine Kindergruppe mit viel Herz, Einf\u00fchlungsverm\u00f6gen und p\u00e4dagogisches Engagement. So schafft sie eine Balance zwischen Planung und direkter Arbeit mit Kindern.<\/p>\n<p>Gruppenf\u00fchrung: Alexandra Potzinger<\/p>\n<p>Frau Potzinger begleitet die Kinder durch den Nachmittag mit viel Einf\u00fchlungsverm\u00f6gen und p\u00e4dagogischen Geschick. Sie unterst\u00fctzt Frau Theissl tatkr\u00e4ftig in der t\u00e4glichen Organisation im Ablauf der GTS. Dar\u00fcber hinaus k\u00fcmmert sie sich um die Essensbestellung, sorgt mit viel Engagement f\u00fcr Sport und Bewegung und bringt mit ihrer kreativen Ideen Leben in den Alltag. Besonders beliebt sind ihre gemeinsamen Bastl- und Gestaltungseinheiten, bei denen die Fenster bunt und fr\u00f6hlich mit den Kindern dekoriert werden. Mit ihrer positiven Art schafft sie eine Atmosph\u00e4re in den sich jedes Kind wohl f\u00fchlt.<\/p>\n<p><strong>Unsere Angebote<\/strong>:<\/p>\n<p><strong>Natur erleben:<\/strong><\/p>\n<p><strong>Survival-Tricks<\/strong> &#8211; Feuer machen, H\u00fctten bauen, Orientierung in der Natur<\/p>\n<p><strong>Natur entdecken<\/strong> &#8211; Welche Pflanzen, Kr\u00e4uter, Beeren darf man essen? Welche Tiere leben bei uns? Wie verhalte ich mich richtig in der Natur?<\/p>\n<p><strong>G\u00e4rtnern mit Herz<\/strong> \u2013 Gem\u00fcse und Kr\u00e4uterbeete, Blumen pflanzen und liebevoll pflegen.<\/p>\n<p><strong>Kochen und Genie\u00dfen<\/strong> &#8211; S\u00e4fte, Marmelade und gemeinsames Kochen mit frischen Zutaten.<\/p>\n<p><strong>Soziales Lernen <\/strong>&#8211; R\u00fccksicht, Freundschaft und Zusammenhalt stehen bei uns im Mittelpunkt.<\/p>\n<p><strong>Experimente und Staunen<\/strong> \u2013 Spannende Projekte f\u00f6rdern Forschergeist und Neugier.<\/p>\n<p><strong>Bewegung und Sport<\/strong> \u2013 Mit gezielten \u00dcbungen verkn\u00fcpfen wir K\u00f6rper und Gehirn, st\u00e4rkt die Feinmotorik, r\u00e4umliche Wahrnehmung und Lernf\u00e4higkeit.<\/p>\n<p><strong>Lernen mit allen Sinnen<\/strong> &#8211; Unterst\u00fctzt spielerisch schulische Leistungen wie Lesen, Schreiben Rechnen.<\/p>\n<p><strong>Regenbogenraum \u2013 unser Wohlf\u00fchlort f\u00fcr alle Sinne<\/strong><\/p>\n<p>Nach einem aktiven Tag haben die Kinder die M\u00f6glichkeit, in unserem liebevoll gestalteten Regenbogenraum zur Ruhe zu kommen. Hier erleben sie eine besondere Atmosph\u00e4re mit:<\/p>\n<p>leise Entspannungsmusik<\/p>\n<p>angenehme D\u00fcfte<\/p>\n<p>Spiegel und Lichtquellen<\/p>\n<p>Materialien zu F\u00fchlen und Tasten<\/p>\n<p>Kleinen Geschmackserlebnissen<\/p>\n<p>Fantasiereisen und ruhigen Momenten<\/p>\n<p>Die Kinder k\u00f6nnen sich bei uns ganz auf ihre Sinne konzentrieren: F\u00fchlen, tasten, schmecken, h\u00f6ren und riechen- entspannen, abschalten und neue Kraft tanken.<\/p>\n<p><strong>Feste feiern \u2013 mit der ganzen Familie<\/strong><\/p>\n<p>Ob Weihnachten, Ostern Muttertag oder Vatertag \u2013 Eltern sind bei uns herzlich willkommen, mitzufeiern, mitzumachen und gemeinsam sch\u00f6ne Erinnerung zu schaffen.<\/p>\n<p><strong>Unsere Ziele:<\/strong><\/p>\n<p>Wir m\u00f6chten, dass sich jedes Kind in unserer Ganztagsschule wohl sicher und verstanden f\u00fchlt.<\/p>\n<p>Neben Lernen und Bewegung ist uns auch wichtig, dass Kinder bei uns zu Ruhe kommen und sich entspannen k\u00f6nnen. Wir nehmen uns Zeit f\u00fcr jedes Anliegen und haben ein offenes Ohr f\u00fcr alle &#8211; Kinder, Eltern und Lehrkr\u00e4fte. So entsteht ein vertrauensvoller Raum, in dem sich alle respektiert, unterst\u00fctzt und wertgesch\u00e4tzt f\u00fchlen.<\/p>\n<p>Mit herzlichen Gr\u00fc\u00dfen<\/p>\n<p>Silvia Thei\u00dfl und Alexandra Potzinger<\/p>\n<p>Ganztagsschule-Team<\/p>\n<p>&nbsp;<\/p>\n","protected":false},"excerpt":{"rendered":"<p>&nbsp; Herzlich Willkommen in der GTS Volksschule Bad Schwanberg! Wir freuen uns, dass Sie und Ihr Kind Teil unserer lebendigen &hellip; <\/p>\n","protected":false},"author":1,"featured_media":0,"parent":0,"menu_order":0,"comment_status":"closed","ping_status":"closed","template":"","meta":{"footnotes":""},"class_list":["post-1049","page","type-page","status-publish","hentry"],"_links":{"self":[{"href":"https:\/\/vs-schwanberg.at\/vsschwanberg\/wp-json\/wp\/v2\/pages\/1049","targetHints":{"allow":["GET"]}}],"collection":[{"href":"https:\/\/vs-schwanberg.at\/vsschwanberg\/wp-json\/wp\/v2\/pages"}],"about":[{"href":"https:\/\/vs-schwanberg.at\/vsschwanberg\/wp-json\/wp\/v2\/types\/page"}],"author":[{"embeddable":true,"href":"https:\/\/vs-schwanberg.at\/vsschwanberg\/wp-json\/wp\/v2\/users\/1"}],"replies":[{"embeddable":true,"href":"https:\/\/vs-schwanberg.at\/vsschwanberg\/wp-json\/wp\/v2\/comments?post=1049"}],"version-history":[{"count":9,"href":"https:\/\/vs-schwanberg.at\/vsschwanberg\/wp-json\/wp\/v2\/pages\/1049\/revisions"}],"predecessor-version":[{"id":3022,"href":"https:\/\/vs-schwanberg.at\/vsschwanberg\/wp-json\/wp\/v2\/pages\/1049\/revisions\/3022"}],"wp:attachment":[{"href":"https:\/\/vs-schwanberg.at\/vsschwanberg\/wp-json\/wp\/v2\/media?parent=1049"}],"curies":[{"name":"wp","href":"https:\/\/api.w.org\/{rel}","templated":true}]}}