{"id":140,"date":"2016-12-28T05:42:26","date_gmt":"2016-12-28T05:42:26","guid":{"rendered":"http:\/\/raratheme.com\/preview\/education-zone-pro\/?page_id=140"},"modified":"2025-10-20T10:37:40","modified_gmt":"2025-10-20T08:37:40","slug":"team","status":"publish","type":"page","link":"https:\/\/vs-schwanberg.at\/vsschwanberg\/team\/","title":{"rendered":"Team"},"content":{"rendered":"<div class='rt-container-fluid rt-team-container rt-pos-r rt-team-container-2864' id='rt-team-container-271368254'  data-layout='layout1' data-desktop-col='4'  data-tab-col='2'  data-mobile-col='1' data-sc-id='2864' data-popup-bg=''><div data-title='Loading ...' class='rt-row rt-content-loader layout1 ttp-even ttp-pre-loader'><div class=\"rt-col-md-3 rt-col-sm-6 rt-col-xs-12  even-grid-item rt-grid-item\" data-id=\"1572\"><div class=\"single-team-area\"><div class=\"single-team\"><figure><a class=\"\" data-id=\"1572\" target=\"_self\" href=\"https:\/\/vs-schwanberg.at\/vsschwanberg\/team\/alexandra-potzinger\/\"><img decoding=\"async\" width=\"150\" height=\"150\" src=\"https:\/\/vs-schwanberg.at\/vsschwanberg\/wp-content\/uploads\/2022\/10\/11-150x150.jpg\" class=\"img-responsive rt-team-img\" alt=\"Alexandra Potzinger Nachmittagsbetreuerin\" \/><\/a><\/figure><\/div><div class=\"tlp-content\"><h3><span class=\"team-name\"><a class=\"\" data-id=\"1572\" target=\"_self\" title=\"Alexandra Potzinger Nachmittagsbetreuerin\" href=\"https:\/\/vs-schwanberg.at\/vsschwanberg\/team\/alexandra-potzinger\/\">Alexandra Potzinger Nachmittagsbetreuerin<\/a><\/span><\/h3><\/div><div class=\"readmore-btn hirme-resume\"><\/div><div class=\"readmore-btn tlp-readmore-button\"><a class=\"rt-ream-me-btn\" data-id=\"1572\" target=\"_self\" title=\"Alexandra Potzinger Nachmittagsbetreuerin\" href=\"https:\/\/vs-schwanberg.at\/vsschwanberg\/team\/alexandra-potzinger\/\">Read More<\/a><\/div><\/div><\/div><div class=\"rt-col-md-3 rt-col-sm-6 rt-col-xs-12  even-grid-item rt-grid-item\" data-id=\"691\"><div class=\"single-team-area\"><div class=\"single-team\"><figure><a class=\"\" data-id=\"691\" target=\"_self\" href=\"https:\/\/vs-schwanberg.at\/vsschwanberg\/team\/annemarie-koch\/\"><img decoding=\"async\" width=\"150\" height=\"150\" src=\"https:\/\/vs-schwanberg.at\/vsschwanberg\/wp-content\/uploads\/2022\/10\/10-150x150.jpg\" class=\"img-responsive rt-team-img\" alt=\"Annemarie Koch Klassenlehrerin 3a\" \/><\/a><\/figure><\/div><div class=\"tlp-content\"><h3><span class=\"team-name\"><a class=\"\" data-id=\"691\" target=\"_self\" title=\"Annemarie Koch Klassenlehrerin 3a\" href=\"https:\/\/vs-schwanberg.at\/vsschwanberg\/team\/annemarie-koch\/\">Annemarie Koch Klassenlehrerin 3a<\/a><\/span><\/h3><\/div><div class=\"readmore-btn hirme-resume\"><\/div><div class=\"readmore-btn tlp-readmore-button\"><a class=\"rt-ream-me-btn\" data-id=\"691\" target=\"_self\" title=\"Annemarie Koch Klassenlehrerin 3a\" href=\"https:\/\/vs-schwanberg.at\/vsschwanberg\/team\/annemarie-koch\/\">Read More<\/a><\/div><\/div><\/div><div class=\"rt-col-md-3 rt-col-sm-6 rt-col-xs-12  even-grid-item rt-grid-item\" data-id=\"1664\"><div class=\"single-team-area\"><div class=\"single-team\"><figure><a class=\"\" data-id=\"1664\" target=\"_self\" href=\"https:\/\/vs-schwanberg.at\/vsschwanberg\/team\/christine-pirker\/\"><img decoding=\"async\" width=\"150\" height=\"150\" src=\"https:\/\/vs-schwanberg.at\/vsschwanberg\/wp-content\/uploads\/2023\/10\/17-150x150.jpg\" class=\"img-responsive rt-team-img\" alt=\"Christine Pirker Reinigung\/ Helfende Hand\" \/><\/a><\/figure><\/div><div class=\"tlp-content\"><h3><span class=\"team-name\"><a class=\"\" data-id=\"1664\" target=\"_self\" title=\"Christine Pirker Reinigung\/ Helfende Hand\" href=\"https:\/\/vs-schwanberg.at\/vsschwanberg\/team\/christine-pirker\/\">Christine Pirker Reinigung\/ Helfende Hand<\/a><\/span><\/h3><\/div><div class=\"readmore-btn hirme-resume\"><\/div><div class=\"readmore-btn tlp-readmore-button\"><a class=\"rt-ream-me-btn\" data-id=\"1664\" target=\"_self\" title=\"Christine Pirker Reinigung\/ Helfende Hand\" href=\"https:\/\/vs-schwanberg.at\/vsschwanberg\/team\/christine-pirker\/\">Read More<\/a><\/div><\/div><\/div><div class=\"rt-col-md-3 rt-col-sm-6 rt-col-xs-12  even-grid-item rt-grid-item\" data-id=\"1652\"><div class=\"single-team-area\"><div class=\"single-team\"><figure><a class=\"\" data-id=\"1652\" target=\"_self\" href=\"https:\/\/vs-schwanberg.at\/vsschwanberg\/team\/claudia-arzt\/\"><img loading=\"lazy\" decoding=\"async\" width=\"150\" height=\"150\" src=\"https:\/\/vs-schwanberg.at\/vsschwanberg\/wp-content\/uploads\/2022\/10\/5-150x150.jpg\" class=\"img-responsive rt-team-img\" alt=\"Claudia Arzt         Lehrerin f\u00fcr den sonderp\u00e4dagogischen F\u00f6rderbereich\" \/><\/a><\/figure><\/div><div class=\"tlp-content\"><h3><span class=\"team-name\"><a class=\"\" data-id=\"1652\" target=\"_self\" title=\"Claudia Arzt         Lehrerin f\u00fcr den sonderp\u00e4dagogischen F\u00f6rderbereich\" href=\"https:\/\/vs-schwanberg.at\/vsschwanberg\/team\/claudia-arzt\/\">Claudia Arzt         Lehrerin f\u00fcr den sonderp\u00e4dagogischen F\u00f6rderbereich<\/a><\/span><\/h3><\/div><div class=\"readmore-btn hirme-resume\"><\/div><div class=\"readmore-btn tlp-readmore-button\"><a class=\"rt-ream-me-btn\" data-id=\"1652\" target=\"_self\" title=\"Claudia Arzt         Lehrerin f\u00fcr den sonderp\u00e4dagogischen F\u00f6rderbereich\" href=\"https:\/\/vs-schwanberg.at\/vsschwanberg\/team\/claudia-arzt\/\">Read More<\/a><\/div><\/div><\/div><div class=\"rt-col-md-3 rt-col-sm-6 rt-col-xs-12  even-grid-item rt-grid-item\" data-id=\"2309\"><div class=\"single-team-area\"><div class=\"single-team\"><figure><a class=\"\" data-id=\"2309\" target=\"_self\" href=\"https:\/\/vs-schwanberg.at\/vsschwanberg\/team\/daniela-platzer\/\"><img loading=\"lazy\" decoding=\"async\" width=\"150\" height=\"150\" src=\"https:\/\/vs-schwanberg.at\/vsschwanberg\/wp-content\/uploads\/2024\/03\/66-150x150.jpg\" class=\"img-responsive rt-team-img\" alt=\"Daniela Platzer Religionslehrerin r\u00f6m.kath.\" \/><\/a><\/figure><\/div><div class=\"tlp-content\"><h3><span class=\"team-name\"><a class=\"\" data-id=\"2309\" target=\"_self\" title=\"Daniela Platzer Religionslehrerin r\u00f6m.kath.\" href=\"https:\/\/vs-schwanberg.at\/vsschwanberg\/team\/daniela-platzer\/\">Daniela Platzer Religionslehrerin r\u00f6m.kath.<\/a><\/span><\/h3><\/div><div class=\"readmore-btn hirme-resume\"><\/div><div class=\"readmore-btn tlp-readmore-button\"><a class=\"rt-ream-me-btn\" data-id=\"2309\" target=\"_self\" title=\"Daniela Platzer Religionslehrerin r\u00f6m.kath.\" href=\"https:\/\/vs-schwanberg.at\/vsschwanberg\/team\/daniela-platzer\/\">Read More<\/a><\/div><\/div><\/div><div class=\"rt-col-md-3 rt-col-sm-6 rt-col-xs-12  even-grid-item rt-grid-item\" data-id=\"2914\"><div class=\"single-team-area\"><div class=\"single-team\"><figure><a class=\"\" data-id=\"2914\" target=\"_self\" href=\"https:\/\/vs-schwanberg.at\/vsschwanberg\/team\/elisabeth-hoelbing\/\"><img loading=\"lazy\" decoding=\"async\" width=\"150\" height=\"150\" src=\"https:\/\/vs-schwanberg.at\/vsschwanberg\/wp-content\/uploads\/2025\/10\/Elisabeth-150x150.jpg\" class=\"img-responsive rt-team-img\" alt=\"Elisabeth H\u00f6lbing 4a\/II\" \/><\/a><\/figure><\/div><div class=\"tlp-content\"><h3><span class=\"team-name\"><a class=\"\" data-id=\"2914\" target=\"_self\" title=\"Elisabeth H\u00f6lbing 4a\/II\" href=\"https:\/\/vs-schwanberg.at\/vsschwanberg\/team\/elisabeth-hoelbing\/\">Elisabeth H\u00f6lbing 4a\/II<\/a><\/span><\/h3><\/div><div class=\"readmore-btn hirme-resume\"><\/div><div class=\"readmore-btn tlp-readmore-button\"><a class=\"rt-ream-me-btn\" data-id=\"2914\" target=\"_self\" title=\"Elisabeth H\u00f6lbing 4a\/II\" href=\"https:\/\/vs-schwanberg.at\/vsschwanberg\/team\/elisabeth-hoelbing\/\">Read More<\/a><\/div><\/div><\/div><div class=\"rt-col-md-3 rt-col-sm-6 rt-col-xs-12  even-grid-item rt-grid-item\" data-id=\"1654\"><div class=\"single-team-area\"><div class=\"single-team\"><figure><a class=\"\" data-id=\"1654\" target=\"_self\" href=\"https:\/\/vs-schwanberg.at\/vsschwanberg\/team\/elisabeth-zechner\/\"><img loading=\"lazy\" decoding=\"async\" width=\"150\" height=\"150\" src=\"https:\/\/vs-schwanberg.at\/vsschwanberg\/wp-content\/uploads\/2022\/10\/7-150x150.jpg\" class=\"img-responsive rt-team-img\" alt=\"Elisabeth Zechner Lehrerin f\u00fcr DAZ (Deutsch als Zweitsprache), Sprachheillehrerin\" \/><\/a><\/figure><\/div><div class=\"tlp-content\"><h3><span class=\"team-name\"><a class=\"\" data-id=\"1654\" target=\"_self\" title=\"Elisabeth Zechner Lehrerin f\u00fcr DAZ (Deutsch als Zweitsprache), Sprachheillehrerin\" href=\"https:\/\/vs-schwanberg.at\/vsschwanberg\/team\/elisabeth-zechner\/\">Elisabeth Zechner Lehrerin f\u00fcr DAZ (Deutsch als Zweitsprache), Sprachheillehrerin<\/a><\/span><\/h3><\/div><div class=\"readmore-btn hirme-resume\"><\/div><div class=\"readmore-btn tlp-readmore-button\"><a class=\"rt-ream-me-btn\" data-id=\"1654\" target=\"_self\" title=\"Elisabeth Zechner Lehrerin f\u00fcr DAZ (Deutsch als Zweitsprache), Sprachheillehrerin\" href=\"https:\/\/vs-schwanberg.at\/vsschwanberg\/team\/elisabeth-zechner\/\">Read More<\/a><\/div><\/div><\/div><div class=\"rt-col-md-3 rt-col-sm-6 rt-col-xs-12  even-grid-item rt-grid-item\" data-id=\"2125\"><div class=\"single-team-area\"><div class=\"single-team\"><figure><a class=\"\" data-id=\"2125\" target=\"_self\" href=\"https:\/\/vs-schwanberg.at\/vsschwanberg\/team\/kathrin-schmidt-schulassistenz-2a\/\"><img loading=\"lazy\" decoding=\"async\" width=\"150\" height=\"150\" src=\"https:\/\/vs-schwanberg.at\/vsschwanberg\/wp-content\/uploads\/2023\/10\/13-150x150.jpg\" class=\"img-responsive rt-team-img\" alt=\"Kathrin Schmidt Schulassistentin 4a\/II\" \/><\/a><\/figure><\/div><div class=\"tlp-content\"><h3><span class=\"team-name\"><a class=\"\" data-id=\"2125\" target=\"_self\" title=\"Kathrin Schmidt Schulassistentin 4a\/II\" href=\"https:\/\/vs-schwanberg.at\/vsschwanberg\/team\/kathrin-schmidt-schulassistenz-2a\/\">Kathrin Schmidt Schulassistentin 4a\/II<\/a><\/span><\/h3><\/div><div class=\"readmore-btn hirme-resume\"><\/div><div class=\"readmore-btn tlp-readmore-button\"><a class=\"rt-ream-me-btn\" data-id=\"2125\" target=\"_self\" title=\"Kathrin Schmidt Schulassistentin 4a\/II\" href=\"https:\/\/vs-schwanberg.at\/vsschwanberg\/team\/kathrin-schmidt-schulassistenz-2a\/\">Read More<\/a><\/div><\/div><\/div><div class=\"rt-col-md-3 rt-col-sm-6 rt-col-xs-12  even-grid-item rt-grid-item\" data-id=\"1571\"><div class=\"single-team-area\"><div class=\"single-team\"><figure><a class=\"\" data-id=\"1571\" target=\"_self\" href=\"https:\/\/vs-schwanberg.at\/vsschwanberg\/team\/laura-weixelberger\/\"><img loading=\"lazy\" decoding=\"async\" width=\"150\" height=\"150\" src=\"https:\/\/vs-schwanberg.at\/vsschwanberg\/wp-content\/uploads\/2022\/10\/2-150x150.jpg\" class=\"img-responsive rt-team-img\" alt=\"Laura Weixelberger Klassenlehrerin 4a\" \/><\/a><\/figure><\/div><div class=\"tlp-content\"><h3><span class=\"team-name\"><a class=\"\" data-id=\"1571\" target=\"_self\" title=\"Laura Weixelberger Klassenlehrerin 4a\" href=\"https:\/\/vs-schwanberg.at\/vsschwanberg\/team\/laura-weixelberger\/\">Laura Weixelberger Klassenlehrerin 4a<\/a><\/span><\/h3><\/div><div class=\"readmore-btn hirme-resume\"><\/div><div class=\"readmore-btn tlp-readmore-button\"><a class=\"rt-ream-me-btn\" data-id=\"1571\" target=\"_self\" title=\"Laura Weixelberger Klassenlehrerin 4a\" href=\"https:\/\/vs-schwanberg.at\/vsschwanberg\/team\/laura-weixelberger\/\">Read More<\/a><\/div><\/div><\/div><div class=\"rt-col-md-3 rt-col-sm-6 rt-col-xs-12  even-grid-item rt-grid-item\" data-id=\"2127\"><div class=\"single-team-area\"><div class=\"single-team\"><figure><a class=\"\" data-id=\"2127\" target=\"_self\" href=\"https:\/\/vs-schwanberg.at\/vsschwanberg\/team\/maria-brunner\/\"><img loading=\"lazy\" decoding=\"async\" width=\"150\" height=\"150\" src=\"https:\/\/vs-schwanberg.at\/vsschwanberg\/wp-content\/uploads\/2023\/10\/12-150x150.jpg\" class=\"img-responsive rt-team-img\" alt=\"Maria Brunner Schulassistentin 3a\" \/><\/a><\/figure><\/div><div class=\"tlp-content\"><h3><span class=\"team-name\"><a class=\"\" data-id=\"2127\" target=\"_self\" title=\"Maria Brunner Schulassistentin 3a\" href=\"https:\/\/vs-schwanberg.at\/vsschwanberg\/team\/maria-brunner\/\">Maria Brunner Schulassistentin 3a<\/a><\/span><\/h3><\/div><div class=\"readmore-btn hirme-resume\"><\/div><div class=\"readmore-btn tlp-readmore-button\"><a class=\"rt-ream-me-btn\" data-id=\"2127\" target=\"_self\" title=\"Maria Brunner Schulassistentin 3a\" href=\"https:\/\/vs-schwanberg.at\/vsschwanberg\/team\/maria-brunner\/\">Read More<\/a><\/div><\/div><\/div><div class=\"rt-col-md-3 rt-col-sm-6 rt-col-xs-12  even-grid-item rt-grid-item\" data-id=\"2917\"><div class=\"single-team-area\"><div class=\"single-team\"><figure><a class=\"\" data-id=\"2917\" target=\"_self\" href=\"https:\/\/vs-schwanberg.at\/vsschwanberg\/team\/rosemarie-aldrian-schulassistentin-2a\/\"><img loading=\"lazy\" decoding=\"async\" width=\"150\" height=\"150\" src=\"https:\/\/vs-schwanberg.at\/vsschwanberg\/wp-content\/uploads\/2025\/10\/Rosemarie-150x150.jpg\" class=\"img-responsive rt-team-img\" alt=\"Rosemarie Aldrian Schulassistentin 2a\" \/><\/a><\/figure><\/div><div class=\"tlp-content\"><h3><span class=\"team-name\"><a class=\"\" data-id=\"2917\" target=\"_self\" title=\"Rosemarie Aldrian Schulassistentin 2a\" href=\"https:\/\/vs-schwanberg.at\/vsschwanberg\/team\/rosemarie-aldrian-schulassistentin-2a\/\">Rosemarie Aldrian Schulassistentin 2a<\/a><\/span><\/h3><\/div><div class=\"readmore-btn hirme-resume\"><\/div><div class=\"readmore-btn tlp-readmore-button\"><a class=\"rt-ream-me-btn\" data-id=\"2917\" target=\"_self\" title=\"Rosemarie Aldrian Schulassistentin 2a\" href=\"https:\/\/vs-schwanberg.at\/vsschwanberg\/team\/rosemarie-aldrian-schulassistentin-2a\/\">Read More<\/a><\/div><\/div><\/div><div class=\"rt-col-md-3 rt-col-sm-6 rt-col-xs-12  even-grid-item rt-grid-item\" data-id=\"1043\"><div class=\"single-team-area\"><div class=\"single-team\"><figure><a class=\"\" data-id=\"1043\" target=\"_self\" href=\"https:\/\/vs-schwanberg.at\/vsschwanberg\/team\/sabine-koch\/\"><img loading=\"lazy\" decoding=\"async\" width=\"150\" height=\"150\" src=\"https:\/\/vs-schwanberg.at\/vsschwanberg\/wp-content\/uploads\/2023\/10\/18-150x150.jpg\" class=\"img-responsive rt-team-img\" alt=\"Sabine Koch Helfende Hand, Fr\u00fchdienst\" \/><\/a><\/figure><\/div><div class=\"tlp-content\"><h3><span class=\"team-name\"><a class=\"\" data-id=\"1043\" target=\"_self\" title=\"Sabine Koch Helfende Hand, Fr\u00fchdienst\" href=\"https:\/\/vs-schwanberg.at\/vsschwanberg\/team\/sabine-koch\/\">Sabine Koch Helfende Hand, Fr\u00fchdienst<\/a><\/span><\/h3><\/div><div class=\"readmore-btn hirme-resume\"><\/div><div class=\"readmore-btn tlp-readmore-button\"><a class=\"rt-ream-me-btn\" data-id=\"1043\" target=\"_self\" title=\"Sabine Koch Helfende Hand, Fr\u00fchdienst\" href=\"https:\/\/vs-schwanberg.at\/vsschwanberg\/team\/sabine-koch\/\">Read More<\/a><\/div><\/div><\/div><div class=\"rt-col-md-3 rt-col-sm-6 rt-col-xs-12  even-grid-item rt-grid-item\" data-id=\"1508\"><div class=\"single-team-area\"><div class=\"single-team\"><figure><a class=\"\" data-id=\"1508\" target=\"_self\" href=\"https:\/\/vs-schwanberg.at\/vsschwanberg\/team\/sibylle-schuller\/\"><img loading=\"lazy\" decoding=\"async\" width=\"150\" height=\"150\" src=\"https:\/\/vs-schwanberg.at\/vsschwanberg\/wp-content\/uploads\/2023\/10\/16-150x150.jpg\" class=\"img-responsive rt-team-img\" alt=\"Sibylle Schuller Schulassistentin 4a\/I\" \/><\/a><\/figure><\/div><div class=\"tlp-content\"><h3><span class=\"team-name\"><a class=\"\" data-id=\"1508\" target=\"_self\" title=\"Sibylle Schuller Schulassistentin 4a\/I\" href=\"https:\/\/vs-schwanberg.at\/vsschwanberg\/team\/sibylle-schuller\/\">Sibylle Schuller Schulassistentin 4a\/I<\/a><\/span><\/h3><\/div><div class=\"readmore-btn hirme-resume\"><\/div><div class=\"readmore-btn tlp-readmore-button\"><a class=\"rt-ream-me-btn\" data-id=\"1508\" target=\"_self\" title=\"Sibylle Schuller Schulassistentin 4a\/I\" href=\"https:\/\/vs-schwanberg.at\/vsschwanberg\/team\/sibylle-schuller\/\">Read More<\/a><\/div><\/div><\/div><div class=\"rt-col-md-3 rt-col-sm-6 rt-col-xs-12  even-grid-item rt-grid-item\" data-id=\"2311\"><div class=\"single-team-area\"><div class=\"single-team\"><figure><a class=\"\" data-id=\"2311\" target=\"_self\" href=\"https:\/\/vs-schwanberg.at\/vsschwanberg\/team\/silvia-theissl\/\"><img loading=\"lazy\" decoding=\"async\" width=\"150\" height=\"150\" src=\"https:\/\/vs-schwanberg.at\/vsschwanberg\/wp-content\/uploads\/2025\/10\/Silvia-150x150.jpg\" class=\"img-responsive rt-team-img\" alt=\"Silvia Theissl Nachmittagsleitung\" \/><\/a><\/figure><\/div><div class=\"tlp-content\"><h3><span class=\"team-name\"><a class=\"\" data-id=\"2311\" target=\"_self\" title=\"Silvia Theissl Nachmittagsleitung\" href=\"https:\/\/vs-schwanberg.at\/vsschwanberg\/team\/silvia-theissl\/\">Silvia Theissl Nachmittagsleitung<\/a><\/span><\/h3><\/div><div class=\"readmore-btn hirme-resume\"><\/div><div class=\"readmore-btn tlp-readmore-button\"><a class=\"rt-ream-me-btn\" data-id=\"2311\" target=\"_self\" title=\"Silvia Theissl Nachmittagsleitung\" href=\"https:\/\/vs-schwanberg.at\/vsschwanberg\/team\/silvia-theissl\/\">Read More<\/a><\/div><\/div><\/div><div class=\"rt-col-md-3 rt-col-sm-6 rt-col-xs-12  even-grid-item rt-grid-item\" data-id=\"2587\"><div class=\"single-team-area\"><div class=\"single-team\"><figure><a class=\"\" data-id=\"2587\" target=\"_self\" href=\"https:\/\/vs-schwanberg.at\/vsschwanberg\/team\/tanja-eberl\/\"><img loading=\"lazy\" decoding=\"async\" width=\"150\" height=\"150\" src=\"https:\/\/vs-schwanberg.at\/vsschwanberg\/wp-content\/uploads\/2024\/10\/BEL0365-2-150x150.jpg\" class=\"img-responsive rt-team-img\" alt=\"Tanja Eberl Klassenlehrerin 2a\" \/><\/a><\/figure><\/div><div class=\"tlp-content\"><h3><span class=\"team-name\"><a class=\"\" data-id=\"2587\" target=\"_self\" title=\"Tanja Eberl Klassenlehrerin 2a\" href=\"https:\/\/vs-schwanberg.at\/vsschwanberg\/team\/tanja-eberl\/\">Tanja Eberl Klassenlehrerin 2a<\/a><\/span><\/h3><\/div><div class=\"readmore-btn hirme-resume\"><\/div><div class=\"readmore-btn tlp-readmore-button\"><a class=\"rt-ream-me-btn\" data-id=\"2587\" target=\"_self\" title=\"Tanja Eberl Klassenlehrerin 2a\" href=\"https:\/\/vs-schwanberg.at\/vsschwanberg\/team\/tanja-eberl\/\">Read More<\/a><\/div><\/div><\/div><div class=\"rt-col-md-3 rt-col-sm-6 rt-col-xs-12  even-grid-item rt-grid-item\" data-id=\"2202\"><div class=\"single-team-area\"><div class=\"single-team\"><figure><a class=\"\" data-id=\"2202\" target=\"_self\" href=\"https:\/\/vs-schwanberg.at\/vsschwanberg\/team\/ulrich-kremser\/\"><img loading=\"lazy\" decoding=\"async\" width=\"150\" height=\"150\" src=\"https:\/\/vs-schwanberg.at\/vsschwanberg\/wp-content\/uploads\/2023\/12\/JEN2570-Kopie-150x150.jpg\" class=\"img-responsive rt-team-img\" alt=\"Ulrich Kremser  Schulassistent 4a\/I\" \/><\/a><\/figure><\/div><div class=\"tlp-content\"><h3><span class=\"team-name\"><a class=\"\" data-id=\"2202\" target=\"_self\" title=\"Ulrich Kremser  Schulassistent 4a\/I\" href=\"https:\/\/vs-schwanberg.at\/vsschwanberg\/team\/ulrich-kremser\/\">Ulrich Kremser  Schulassistent 4a\/I<\/a><\/span><\/h3><\/div><div class=\"readmore-btn hirme-resume\"><\/div><div class=\"readmore-btn tlp-readmore-button\"><a class=\"rt-ream-me-btn\" data-id=\"2202\" target=\"_self\" title=\"Ulrich Kremser  Schulassistent 4a\/I\" href=\"https:\/\/vs-schwanberg.at\/vsschwanberg\/team\/ulrich-kremser\/\">Read More<\/a><\/div><\/div><\/div><div class=\"rt-col-md-3 rt-col-sm-6 rt-col-xs-12  even-grid-item rt-grid-item\" data-id=\"709\"><div class=\"single-team-area\"><div class=\"single-team\"><figure><a class=\"\" data-id=\"709\" target=\"_self\" href=\"https:\/\/vs-schwanberg.at\/vsschwanberg\/team\/edith-schrey\/\"><img loading=\"lazy\" decoding=\"async\" width=\"106\" height=\"150\" src=\"https:\/\/vs-schwanberg.at\/vsschwanberg\/wp-content\/uploads\/2025\/10\/Edith-scaled-e1760954416872.jpg\" class=\"img-responsive rt-team-img\" alt=\"VDir Edith Schrey Schulleitung\" \/><\/a><\/figure><\/div><div class=\"tlp-content\"><h3><span class=\"team-name\"><a class=\"\" data-id=\"709\" target=\"_self\" title=\"VDir Edith Schrey Schulleitung\" href=\"https:\/\/vs-schwanberg.at\/vsschwanberg\/team\/edith-schrey\/\">VDir Edith Schrey Schulleitung<\/a><\/span><\/h3><\/div><div class=\"readmore-btn hirme-resume\"><\/div><div class=\"readmore-btn tlp-readmore-button\"><a class=\"rt-ream-me-btn\" data-id=\"709\" target=\"_self\" title=\"VDir Edith Schrey Schulleitung\" href=\"https:\/\/vs-schwanberg.at\/vsschwanberg\/team\/edith-schrey\/\">Read More<\/a><\/div><\/div><\/div><div class=\"rt-col-md-3 rt-col-sm-6 rt-col-xs-12  even-grid-item rt-grid-item\" data-id=\"2916\"><div class=\"single-team-area\"><div class=\"single-team\"><figure><a class=\"\" data-id=\"2916\" target=\"_self\" href=\"https:\/\/vs-schwanberg.at\/vsschwanberg\/team\/verena-gratz-klasse-1a\/\"><img loading=\"lazy\" decoding=\"async\" width=\"150\" height=\"150\" src=\"https:\/\/vs-schwanberg.at\/vsschwanberg\/wp-content\/uploads\/2025\/10\/Verena-150x150.jpg\" class=\"img-responsive rt-team-img\" alt=\"Verena Gratz  1a\" \/><\/a><\/figure><\/div><div class=\"tlp-content\"><h3><span class=\"team-name\"><a class=\"\" data-id=\"2916\" target=\"_self\" title=\"Verena Gratz  1a\" href=\"https:\/\/vs-schwanberg.at\/vsschwanberg\/team\/verena-gratz-klasse-1a\/\">Verena Gratz  1a<\/a><\/span><\/h3><\/div><div class=\"readmore-btn hirme-resume\"><\/div><div class=\"readmore-btn tlp-readmore-button\"><a class=\"rt-ream-me-btn\" data-id=\"2916\" target=\"_self\" title=\"Verena Gratz  1a\" href=\"https:\/\/vs-schwanberg.at\/vsschwanberg\/team\/verena-gratz-klasse-1a\/\">Read More<\/a><\/div><\/div><\/div><div class=\"rt-loading-overlay\"><\/div><div class=\"rt-loading rt-ball-clip-rotate\"><div><\/div><\/div><\/div><\/div>\n","protected":false},"excerpt":{"rendered":"","protected":false},"author":1,"featured_media":2905,"parent":0,"menu_order":0,"comment_status":"closed","ping_status":"closed","template":"template-home.php","meta":{"footnotes":""},"class_list":["post-140","page","type-page","status-publish","has-post-thumbnail","hentry"],"_links":{"self":[{"href":"https:\/\/vs-schwanberg.at\/vsschwanberg\/wp-json\/wp\/v2\/pages\/140","targetHints":{"allow":["GET"]}}],"collection":[{"href":"https:\/\/vs-schwanberg.at\/vsschwanberg\/wp-json\/wp\/v2\/pages"}],"about":[{"href":"https:\/\/vs-schwanberg.at\/vsschwanberg\/wp-json\/wp\/v2\/types\/page"}],"author":[{"embeddable":true,"href":"https:\/\/vs-schwanberg.at\/vsschwanberg\/wp-json\/wp\/v2\/users\/1"}],"replies":[{"embeddable":true,"href":"https:\/\/vs-schwanberg.at\/vsschwanberg\/wp-json\/wp\/v2\/comments?post=140"}],"version-history":[{"count":2,"href":"https:\/\/vs-schwanberg.at\/vsschwanberg\/wp-json\/wp\/v2\/pages\/140\/revisions"}],"predecessor-version":[{"id":2865,"href":"https:\/\/vs-schwanberg.at\/vsschwanberg\/wp-json\/wp\/v2\/pages\/140\/revisions\/2865"}],"wp:featuredmedia":[{"embeddable":true,"href":"https:\/\/vs-schwanberg.at\/vsschwanberg\/wp-json\/wp\/v2\/media\/2905"}],"wp:attachment":[{"href":"https:\/\/vs-schwanberg.at\/vsschwanberg\/wp-json\/wp\/v2\/media?parent=140"}],"curies":[{"name":"wp","href":"https:\/\/api.w.org\/{rel}","templated":true}]}}